{"id":886,"date":"2024-10-27T13:48:15","date_gmt":"2024-10-27T13:48:15","guid":{"rendered":"https:\/\/ninecasinoplay.com\/app\/"},"modified":"2025-01-10T13:05:06","modified_gmt":"2025-01-10T13:05:06","slug":"app","status":"publish","type":"page","link":"https:\/\/beta-rino.net\/es\/app\/","title":{"rendered":"App"},"content":{"rendered":"<h1>Nine Casino App<\/h1>\n<p>Nuestros nuevos jugadores y jugadores m\u00e1s fieles pueden disfrutar de nuestra aplicaci\u00f3n m\u00f3vil. Si eres un entusiasta de los juegos y disfrutas de los casinos desde la comodidad de tu hogar. Ahora puedes hacerlo.<\/p>\n<p>Esta aplicaci\u00f3n es verdaderamente revolucionaria. Las personas de todas las ubicaciones del pa\u00eds podr\u00e1n disfrutar de una experiencia de juego inmersiva. La selecci\u00f3n de juegos es extraordinaria y diversa. Desde los t\u00edtulos m\u00e1s populares hasta nuevos lanzamientos.  <\/p>\n<p>Una vez que descargues la app de NineCasino, podr\u00e1s jugar en lugares tan diversos como:<\/p>\n<p><span data-mce-type=\"bookmark\" style=\"display: inline-block; width: 0px; overflow: hidden; line-height: 0;\" class=\"mce_SELRES_start\">\ufeff<\/span><\/p>\n<ul>\n<li>Tu casa<\/li>\n<li>La lavander\u00eda<\/li>\n<li>Una cafeter\u00eda<\/li>\n<li>Mientras usas el transporte p\u00fablico<\/li>\n<li>Cuando esperas que tu pedido para llevar est\u00e9 listo en un restaurante<\/li>\n<li>Mientras esperas ser llamado en el consultorio del m\u00e9dico<\/li>\n<li>Cualquier otro lugar que se te ocurra<\/li>\n<\/ul>\n<p>El mundo de los juegos en l\u00ednea est\u00e1 a punto de abrirse para ti. Hemos dise\u00f1ado esta aplicaci\u00f3n pensando en el usuario moderno y exigente. Desde el men\u00fa lateral hasta los colores y los sonidos, quer\u00edamos crear una experiencia que te sumerja en una interfaz de juego con una est\u00e9tica \u00f3ptima, caracter\u00edsticas de seguridad y una jugabilidad excepcional.<\/p>\n<p>No importa cu\u00e1l sea tu juego favorito, \u00a1puedes estar seguro de que la plataforma lo tiene! <\/p>\n<div class=\"banner-wrap\" aria-label=\"Banner\"><img src=\"https:\/\/beta-rino.net\/wp-content\/uploads\/2024\/10\/header-bg.png\" class=\"w-100 d-none d-lg-block img-pc main-banner-img\" alt=\"Nine casino online\" fetchpriority=\"high\" decoding=\"async\"><img src=\"https:\/\/beta-rino.net\/wp-content\/uploads\/2024\/10\/header-bg-mobile_2x.png\" class=\"w-100 d-none d-md-block d-lg-none main-banner-img\" alt=\"Nine casino online\" fetchpriority=\"high\" decoding=\"async\"><img src=\"https:\/\/beta-rino.net\/wp-content\/uploads\/2024\/10\/header-bg-mobile_2x.png\" class=\"w-100 d-md-none\" alt=\"Nine casino online\" fetchpriority=\"high\" decoding=\"async\"><div class=\"banner-description\">\n<div class=\"banner-title\">Bonos de bienvenida<\/div>\n<p class=\"banner-header-title\">450 \u20ac<\/p>\n<div class=\"banner-header-AdditionalText\">+ 250 Giros Gratis<\/div>\n<p>&nbsp;<\/p>\n<div class=\"m-button-content\">Reg\u00edstrate Ahora<\/div>\n<p>&nbsp;<\/p>\n<\/div>\n<div class=\"WelcomePack\">\n<p><img decoding=\"async\" src=\"https:\/\/cdn.aramuz.net\/front\/components\/home\/welcome-crown.svg\" alt=\"\" \/><\/p>\n<div class=\"WelcomePack-Info\">Cashback semanal: Hasta 25%.<\/div>\n<p><img decoding=\"async\" src=\"https:\/\/cdn.aramuz.net\/front\/components\/home\/welcome-crown.svg\" alt=\"\" \/><\/p>\n<\/div>\n<\/div>\n<h2>Caracter\u00edsticas Principales de NineCasino app<\/h2>\n<p>Hay varias caracter\u00edsticas clave que notar\u00e1s en Nine Casino que nos diferencian de la competencia. Por ejemplo:<\/p>\n<ul>\n<li>Una vez que est\u00e9s en l\u00ednea, disfrutar\u00e1s de una plataforma intuitiva. Podr\u00e1s navegar f\u00e1cilmente entre las opciones de juego y elegir la que m\u00e1s te atraiga.<\/li>\n<li>Todos los usuarios de la app tienen acceso a ofertas de bonificaci\u00f3n exclusivas para su regi\u00f3n.<\/li>\n<li>Hay torneos diarios que te dan la oportunidad de ganar fabulosos premios en efectivo.<\/li>\n<li>Contamos con uno de los sistemas de cifrado m\u00e1s sofisticados para que cualquier informaci\u00f3n confidencial que nos brindes siempre se mantenga solo para ti.<\/li>\n<li>Puedes realizar dep\u00f3sitos y retiros de manera r\u00e1pida y sencilla. Aceptamos y ofrecemos una amplia variedad de m\u00e9todos de pago.<\/li>\n<li>Nos hemos asociado con algunos de los dise\u00f1adores de juegos m\u00e1s influyentes del mercado actual, como Play\u2019n Go, MicroGaming y NetEnt.<\/li>\n<li>Nuevos juegos se agregan constantemente a la aplicaci\u00f3n, as\u00ed que aseg\u00farate de visitarnos regularmente para ver las novedades.<\/li>\n<\/ul>\n<p>\u00a1La experiencia m\u00f3vil de Nine Casino para los jugadores es excelente! Una vez que accedas, ver\u00e1s lo divertido, pr\u00e1ctico y emocionante que es apostar en nuestro casino en l\u00ednea. <\/p>\n<p><div style=\"clear: both\"><\/div><div class=\"d-flex justify-content-center\"><button data-item=\"seo-link\" data-group=\"website_links\" class=\"goto fw-bold rounded-pill btn btn-orange\" aria-label=\"Descargar la App de Nine Casino\" >Descargar la App de Nine Casino<\/button><\/div><br \/>\n<div class=\"scrollable-content-wrap \"><div class=\"scrollable-content-inner\"><h2>\u27a1\ufe0f \u00bfC\u00f3mo Descargar el APK de Nine Casino (Android)?<\/h2>\n<p>Descargar el archivo APK para obtener la aplicaci\u00f3n de Nine Casino en tu dispositivo Android es muy sencillo. Solo sigue estos pasos: <\/p>\n<ul>\n<li>Primero, visita el sitio web de Nine Casino.<\/li>\n<li>Usando tu dispositivo Android, navega hasta la p\u00e1gina oficial de descarga.<\/li>\n<li>A continuaci\u00f3n, haz clic en el bot\u00f3n para descargar la app Nine Casino APK. Esto iniciar\u00e1 el proceso de descarga.<\/li>\n<li>La app permite or\u00edgenes desconocidos. Dir\u00edgete a la configuraci\u00f3n de seguridad de tu dispositivo. Desde all\u00ed, activa la opci\u00f3n que dice \u201cautorizar la instalaci\u00f3n desde fuentes desconocidas.\u201d<\/li>\n<li>Una vez completada la descarga, deber\u00edas ver la aplicaci\u00f3n Nine Casino instalada en tu tel\u00e9fono.<\/li>\n<\/ul>\n<p>Despu\u00e9s de haber descargado el archivo en tu computadora (ya sea profesional o personal), deber\u00edas poder encontrarlo en el directorio especificado de tu elecci\u00f3n. Estos podr\u00edan incluir distribuciones de Linux como Ubuntu o Windows 10 u 11 de Microsoft. En ese momento, solo debes hacer doble clic en el icono.<\/p>\n<p>Ver\u00e1s instrucciones detalladas para completar el proceso de descarga en tu dispositivo Android, tal como se describi\u00f3 arriba. En menos de diez minutos, tendr\u00e1s la app lista para usar y podr\u00e1s explorarla. \u00a1El universo de Nine Casino se abrir\u00e1 ante ti y podr\u00e1s disfrutarlo en cualquier lugar!<\/p>\n<\/div><\/div><br \/>\n<div style=\"clear: both\"><\/div><div class=\"d-flex justify-content-center\"><button data-item=\"seo-link\" data-group=\"website_links\" class=\"goto fw-bold rounded-pill btn btn-orange\" aria-label=\"Descargar APK de Nine Casino\" >Descargar APK de Nine Casino<\/button><\/div><br \/>\n<div class=\"scrollable-content-wrap \"><div class=\"scrollable-content-inner\"><h2>\u27a1\ufe0f <b>\u00bfC\u00f3mo Descargar la App de Nine Casino para tu Dispositivo iOS?<\/b><\/h2>\n<p>Si tienes un dispositivo iOS, como un iPhone o un iPad, \u00a1tambi\u00e9n puedes unirte a la comunidad! Nine Casino tiene una versi\u00f3n disponible que funciona perfectamente en estos dispositivos. Aqu\u00ed te explicamos lo que necesitas hacer: <\/p>\n<ul>\n<li>Dir\u00edgete a la App Store en tu dispositivo iOS.<\/li>\n<li>En la barra de b\u00fasqueda de tu dispositivo Apple, escribe \u201cNine Casino.\u201d<\/li>\n<li>La aplicaci\u00f3n deber\u00eda aparecer.<\/li>\n<li>Pulsa \u201cObtener\u201d para confirmar que deseas descargarla.<\/li>\n<li>El proceso no deber\u00eda tardar m\u00e1s de unos segundos, siempre que tengas una conexi\u00f3n Wi-Fi fuerte o est\u00e9s usando tus datos con una se\u00f1al de torre celular estable.<\/li>\n<\/ul>\n<p>Una vez que hayas completado la descarga en tu dispositivo iOS o computadora personal, aseg\u00farate de abrir la app e iniciar sesi\u00f3n en tu cuenta existente. <\/p>\n<p>Ver\u00e1s que la aplicaci\u00f3n Nine Casino para iOS es muy intuitiva y f\u00e1cil de usar. La interfaz te permite encontrar r\u00e1pidamente las numerosas funciones de la plataforma e interactuar con ellas. Puedes llevar tu dispositivo iOS contigo y disfrutar de las m\u00faltiples ofertas y juegos disponibles. <\/p>\n<\/div><\/div><br \/>\n<div style=\"clear: both\"><\/div><div class=\"d-flex justify-content-center\"><button data-item=\"seo-link\" data-group=\"website_links\" class=\"goto fw-bold rounded-pill btn btn-orange\" aria-label=\"Descargar la App de Nine Casino\" >Descargar la App de Nine Casino<\/button><\/div><br \/>\n<div class=\"scrollable-content-wrap \"><div class=\"scrollable-content-inner\"><h2>\u27a1\ufe0f <b>\u00bfHay una Aplicaci\u00f3n de Nine Casino Espec\u00edficamente para Windows\/Mac OS?<\/b><\/h2>\n<p>S\u00ed, tenemos una aplicaci\u00f3n dise\u00f1ada especialmente para Windows\/Mac OS.<\/p>\n<p>Una versi\u00f3n optimizada de nuestro sitio web garantiza una navegaci\u00f3n fluida y amigable para el usuario. Puedes acceder directamente desde tu navegador favorito.<\/p>\n<p>Si te gusta tener experiencias personalizadas y exclusivas, disfrutar\u00e1s de nuestra aplicaci\u00f3n. <\/p>\n<p>La aplicaci\u00f3n de Nine Casino est\u00e1 disponible para dispositivos Mac, Windows, Android y iOS. \u00a1No importa qu\u00e9 dispositivo utilices, la diversi\u00f3n est\u00e1 garantizada!<\/p>\n<\/div><\/div><br \/>\n<div style=\"clear: both\"><\/div><div class=\"d-flex justify-content-center\"><button data-item=\"seo-link\" data-group=\"website_links\" class=\"goto fw-bold rounded-pill btn btn-orange\" aria-label=\"Descargar la App de Nine Casino\" >Descargar la App de Nine Casino<\/button><\/div><br \/>\n<div class=\"collapsed-wrap\"><div class=\"accordion\" id=\"accordion8\"><div class=\"accordion-item\"><button class=\"accordion-button collapsed\" type=\"button\" data-bs-toggle=\"collapse\" data-bs-target=\"#collapse80\" aria-expanded=\"false\" aria-controls=\"collapse80\">\n\t\t\t\t\t\t\t\t\t\t\t\u00bfCu\u00e1ntos Juegos Hay Para Jugar en la Aplicaci\u00f3n de Nine Casino?\n\t\t\t\t\t\t\t\t\t\t  <\/button><div id=\"collapse80\" class=\"accordion-collapse collapse\" data-bs-parent=\"#accordion8\"><div class=\"accordion-body\">\n\t\t\t\t\t\t\t\t\t\t\tEn la aplicaci\u00f3n de Nine Casino, encontrar\u00e1s m\u00e1s de 5,000 juegos disponibles. Estos incluyen cientos de tragaperras con muchos temas populares que seguramente reconocer\u00e1s. Si prefieres otro tipo de juego, tambi\u00e9n puedes probar blackjack, video p\u00f3ker, ruleta, baccarat, keno y muchos m\u00e1s. Siempre estamos agregando nuevos t\u00edtulos, \u00a1as\u00ed que no olvides chequear la app con frecuencia para ver qu\u00e9 emocionantes novedades te esperan!\n\t\t\t\t\t\t\t\t\t\t  <\/div><\/div><\/div><div class=\"accordion-item\"><button class=\"accordion-button collapsed\" type=\"button\" data-bs-toggle=\"collapse\" data-bs-target=\"#collapse81\" aria-expanded=\"false\" aria-controls=\"collapse81\">\n\t\t\t\t\t\t\t\t\t\t\t\u00bfHay diferentes tipos de bonos disponibles en distintos momentos?\n\t\t\t\t\t\t\t\t\t\t  <\/button><div id=\"collapse81\" class=\"accordion-collapse collapse\" data-bs-parent=\"#accordion8\"><div class=\"accordion-body\">\n\t\t\t\t\t\t\t\t\t\t\tS\u00ed, siempre hay diferentes bonos disponibles. Puede que te registres y aproveches uno de los que est\u00e9 disponible en ese momento, pero en unas semanas puede haber bonos completamente diferentes. Continuamente estamos creando nuevas promociones emocionantes dise\u00f1adas para beneficiar a nuestros jugadores. Si quieres saber cu\u00e1l ser\u00e1 el pr\u00f3ximo, tendr\u00e1s que chequear la app con frecuencia para descubrir las \u00faltimas novedades.\n\t\t\t\t\t\t\t\t\t\t  <\/div><\/div><\/div><div class=\"accordion-item\"><button class=\"accordion-button collapsed\" type=\"button\" data-bs-toggle=\"collapse\" data-bs-target=\"#collapse82\" aria-expanded=\"false\" aria-controls=\"collapse82\">\n\t\t\t\t\t\t\t\t\t\t\t\u00bfQu\u00e9 Debo Hacer Si Recibo un Mensaje de Error Que Dice \"Jugador Ya Conectado\"?\n\t\t\t\t\t\t\t\t\t\t  <\/button><div id=\"collapse82\" class=\"accordion-collapse collapse\" data-bs-parent=\"#accordion8\"><div class=\"accordion-body\">\n\t\t\t\t\t\t\t\t\t\t\tEs posible que veas este mensaje de vez en cuando. Si lo ves cuando intentas iniciar sesi\u00f3n en la versi\u00f3n de la app, puede que no hayas cerrado sesi\u00f3n correctamente cuando jugaste en la versi\u00f3n web. Si vuelves a la versi\u00f3n web y haces clic en \"cerrar sesi\u00f3n\", esto deber\u00eda resolver el problema. Si el inconveniente persiste, nuestro personal podr\u00e1 sugerirte otras formas de solucionar el tema.\n\t\t\t\t\t\t\t\t\t\t  <\/div><\/div><\/div><div class=\"accordion-item\"><button class=\"accordion-button collapsed\" type=\"button\" data-bs-toggle=\"collapse\" data-bs-target=\"#collapse83\" aria-expanded=\"false\" aria-controls=\"collapse83\">\n\t\t\t\t\t\t\t\t\t\t\t\u00bfQu\u00e9 Puedo Hacer Si Uno de los Juegos en los que Estoy Jugando Se Queda Congelado?\n\t\t\t\t\t\t\t\t\t\t  <\/button><div id=\"collapse83\" class=\"accordion-collapse collapse\" data-bs-parent=\"#accordion8\"><div class=\"accordion-body\">\n\t\t\t\t\t\t\t\t\t\t\tAunque la app est\u00e1 dise\u00f1ada para ser lo m\u00e1s fluida posible, siempre existe una peque\u00f1a posibilidad de que ocurra alg\u00fan mal funcionamiento. Si eso sucede, puedes reiniciar tu tel\u00e9fono. Si eso no resuelve el problema, tambi\u00e9n puedes probar con eliminar la aplicaci\u00f3n. Una vez que lo hayas hecho, puedes reinstalarla desde la App Store o Google Play Store si est\u00e1s utilizando un dispositivo Android. Generalmente, esto deber\u00eda devolverte a la experiencia de juego fluida. \n\t\t\t\t\t\t\t\t\t\t  <\/div><\/div><\/div><div class=\"accordion-item\"><button class=\"accordion-button collapsed\" type=\"button\" data-bs-toggle=\"collapse\" data-bs-target=\"#collapse84\" aria-expanded=\"false\" aria-controls=\"collapse84\">\n\t\t\t\t\t\t\t\t\t\t\t\u00bfQu\u00e9 Puedo Hacer Si Olvid\u00e9 Mi Contrase\u00f1a?\n\t\t\t\t\t\t\t\t\t\t  <\/button><div id=\"collapse84\" class=\"accordion-collapse collapse\" data-bs-parent=\"#accordion8\"><div class=\"accordion-body\">\n\t\t\t\t\t\t\t\t\t\t\tSi no recuerdas tu contrase\u00f1a, necesitar\u00e1s hacer clic en la opci\u00f3n que dice \u201c\u00bfOlvidaste tu contrase\u00f1a?\u201d que est\u00e1 justo debajo del campo donde normalmente escribir\u00edas tu contrase\u00f1a. Se te pedir\u00e1 que respondas a una pregunta secreta que t\u00fa mismo configuraste cuando te registraste en la plataforma. Una vez que hayas hecho esto, podr\u00e1s restablecer tu contrase\u00f1a y tambi\u00e9n recibir\u00e1s un correo electr\u00f3nico que confirmar\u00e1 la nueva. Ten en cuenta que, por razones de seguridad, Nine Casino no puede mantener un registro de tu contrase\u00f1a.\n\t\t\t\t\t\t\t\t\t\t  <\/div><\/div><\/div><\/div><\/div><\/p>\n","protected":false},"excerpt":{"rendered":"<p>Nine Casino App Nuestros nuevos jugadores y jugadores m\u00e1s fieles pueden disfrutar de nuestra aplicaci\u00f3n m\u00f3vil. Si eres un entusiasta de los juegos y disfrutas de los casinos desde la comodidad de tu hogar. Ahora puedes hacerlo. Esta aplicaci\u00f3n es verdaderamente revolucionaria. Las personas de todas las ubicaciones del pa\u00eds podr\u00e1n disfrutar de una experiencia [&hellip;]<\/p>\n","protected":false},"author":1,"featured_media":0,"parent":0,"menu_order":0,"comment_status":"closed","ping_status":"closed","template":"template-builder.php","meta":{"_acf_changed":false,"inline_featured_image":false,"footnotes":""},"class_list":["post-886","page","type-page","status-publish","hentry"],"acf":[],"yoast_head":"<!-- This site is optimized with the Yoast SEO plugin v27.3 - https:\/\/yoast.com\/product\/yoast-seo-wordpress\/ -->\n<title>NineCasino App \u2b50\ufe0f Descarga la Aplicaci\u00f3n de Nine Casino<\/title>\n<meta name=\"description\" content=\"\u00a1Juega a tus juegos favoritos en cualquier lugar! Descarga la app Nine Casino APK para Android o iOS y accede desde Windows o Mac \u2705\" \/>\n<meta name=\"robots\" content=\"noindex, follow, max-snippet:-1, max-image-preview:large, max-video-preview:-1\" \/>\n<meta property=\"og:locale\" content=\"es_ES\" \/>\n<meta property=\"og:type\" content=\"article\" \/>\n<meta property=\"og:title\" content=\"NineCasino App \u2b50\ufe0f Descarga la Aplicaci\u00f3n de Nine Casino\" \/>\n<meta property=\"og:description\" content=\"\u00a1Juega a tus juegos favoritos en cualquier lugar! Descarga la app Nine Casino APK para Android o iOS y accede desde Windows o Mac \u2705\" \/>\n<meta property=\"og:url\" content=\"https:\/\/beta-rino.net\/es\/app\/\" \/>\n<meta property=\"og:site_name\" content=\"rockyspin\" \/>\n<meta property=\"article:modified_time\" content=\"2025-01-10T13:05:06+00:00\" \/>\n<meta name=\"twitter:card\" content=\"summary_large_image\" \/>\n<meta name=\"twitter:label1\" content=\"Est. reading time\" \/>\n\t<meta name=\"twitter:data1\" content=\"2 minutes\" \/>\n<script type=\"application\/ld+json\" class=\"yoast-schema-graph\">{\"@context\":\"https:\\\/\\\/schema.org\",\"@graph\":[{\"@type\":\"WebPage\",\"@id\":\"https:\\\/\\\/beta-rino.net\\\/es\\\/app\\\/\",\"url\":\"https:\\\/\\\/beta-rino.net\\\/es\\\/app\\\/\",\"name\":\"NineCasino App \u2b50\ufe0f Descarga la Aplicaci\u00f3n de Nine Casino\",\"isPartOf\":{\"@id\":\"https:\\\/\\\/beta-rino.net\\\/es\\\/#website\"},\"datePublished\":\"2024-10-27T13:48:15+00:00\",\"dateModified\":\"2025-01-10T13:05:06+00:00\",\"description\":\"\u00a1Juega a tus juegos favoritos en cualquier lugar! Descarga la app Nine Casino APK para Android o iOS y accede desde Windows o Mac \u2705\",\"breadcrumb\":{\"@id\":\"https:\\\/\\\/beta-rino.net\\\/es\\\/app\\\/#breadcrumb\"},\"inLanguage\":\"es-ES\",\"potentialAction\":[{\"@type\":\"ReadAction\",\"target\":[\"https:\\\/\\\/beta-rino.net\\\/es\\\/app\\\/\"]}]},{\"@type\":\"BreadcrumbList\",\"@id\":\"https:\\\/\\\/beta-rino.net\\\/es\\\/app\\\/#breadcrumb\",\"itemListElement\":[{\"@type\":\"ListItem\",\"position\":1,\"name\":\"Ninecasino\",\"item\":\"https:\\\/\\\/beta-rino.net\\\/es\\\/\"},{\"@type\":\"ListItem\",\"position\":2,\"name\":\"App\"}]},{\"@type\":\"WebSite\",\"@id\":\"https:\\\/\\\/beta-rino.net\\\/es\\\/#website\",\"url\":\"https:\\\/\\\/beta-rino.net\\\/es\\\/\",\"name\":\"Ninecasino\",\"description\":\"\",\"publisher\":{\"@id\":\"https:\\\/\\\/beta-rino.net\\\/es\\\/#organization\"},\"potentialAction\":[{\"@type\":\"SearchAction\",\"target\":{\"@type\":\"EntryPoint\",\"urlTemplate\":\"https:\\\/\\\/beta-rino.net\\\/es\\\/?s={search_term_string}\"},\"query-input\":{\"@type\":\"PropertyValueSpecification\",\"valueRequired\":true,\"valueName\":\"search_term_string\"}}],\"inLanguage\":\"es-ES\"},{\"@type\":\"Organization\",\"@id\":\"https:\\\/\\\/beta-rino.net\\\/es\\\/#organization\",\"name\":\"Ninecasino\",\"url\":\"https:\\\/\\\/beta-rino.net\\\/es\\\/\",\"logo\":{\"@type\":\"ImageObject\",\"inLanguage\":\"es-ES\",\"@id\":\"https:\\\/\\\/beta-rino.net\\\/es\\\/#\\\/schema\\\/logo\\\/image\\\/\",\"url\":\"https:\\\/\\\/beta-rino.net\\\/wp-content\\\/uploads\\\/2025\\\/03\\\/logo-main.svg\",\"contentUrl\":\"https:\\\/\\\/beta-rino.net\\\/wp-content\\\/uploads\\\/2025\\\/03\\\/logo-main.svg\",\"width\":101,\"height\":27,\"caption\":\"Ninecasino\"},\"image\":{\"@id\":\"https:\\\/\\\/beta-rino.net\\\/es\\\/#\\\/schema\\\/logo\\\/image\\\/\"}}]}<\/script>\n<!-- \/ Yoast SEO plugin. -->","yoast_head_json":{"title":"NineCasino App \u2b50\ufe0f Descarga la Aplicaci\u00f3n de Nine Casino","description":"\u00a1Juega a tus juegos favoritos en cualquier lugar! Descarga la app Nine Casino APK para Android o iOS y accede desde Windows o Mac \u2705","robots":{"index":"noindex","follow":"follow","max-snippet":"max-snippet:-1","max-image-preview":"max-image-preview:large","max-video-preview":"max-video-preview:-1"},"og_locale":"es_ES","og_type":"article","og_title":"NineCasino App \u2b50\ufe0f Descarga la Aplicaci\u00f3n de Nine Casino","og_description":"\u00a1Juega a tus juegos favoritos en cualquier lugar! Descarga la app Nine Casino APK para Android o iOS y accede desde Windows o Mac \u2705","og_url":"https:\/\/beta-rino.net\/es\/app\/","og_site_name":"rockyspin","article_modified_time":"2025-01-10T13:05:06+00:00","twitter_card":"summary_large_image","twitter_misc":{"Est. reading time":"2 minutes"},"schema":{"@context":"https:\/\/schema.org","@graph":[{"@type":"WebPage","@id":"https:\/\/beta-rino.net\/es\/app\/","url":"https:\/\/beta-rino.net\/es\/app\/","name":"NineCasino App \u2b50\ufe0f Descarga la Aplicaci\u00f3n de Nine Casino","isPartOf":{"@id":"https:\/\/beta-rino.net\/es\/#website"},"datePublished":"2024-10-27T13:48:15+00:00","dateModified":"2025-01-10T13:05:06+00:00","description":"\u00a1Juega a tus juegos favoritos en cualquier lugar! Descarga la app Nine Casino APK para Android o iOS y accede desde Windows o Mac \u2705","breadcrumb":{"@id":"https:\/\/beta-rino.net\/es\/app\/#breadcrumb"},"inLanguage":"es-ES","potentialAction":[{"@type":"ReadAction","target":["https:\/\/beta-rino.net\/es\/app\/"]}]},{"@type":"BreadcrumbList","@id":"https:\/\/beta-rino.net\/es\/app\/#breadcrumb","itemListElement":[{"@type":"ListItem","position":1,"name":"Ninecasino","item":"https:\/\/beta-rino.net\/es\/"},{"@type":"ListItem","position":2,"name":"App"}]},{"@type":"WebSite","@id":"https:\/\/beta-rino.net\/es\/#website","url":"https:\/\/beta-rino.net\/es\/","name":"Ninecasino","description":"","publisher":{"@id":"https:\/\/beta-rino.net\/es\/#organization"},"potentialAction":[{"@type":"SearchAction","target":{"@type":"EntryPoint","urlTemplate":"https:\/\/beta-rino.net\/es\/?s={search_term_string}"},"query-input":{"@type":"PropertyValueSpecification","valueRequired":true,"valueName":"search_term_string"}}],"inLanguage":"es-ES"},{"@type":"Organization","@id":"https:\/\/beta-rino.net\/es\/#organization","name":"Ninecasino","url":"https:\/\/beta-rino.net\/es\/","logo":{"@type":"ImageObject","inLanguage":"es-ES","@id":"https:\/\/beta-rino.net\/es\/#\/schema\/logo\/image\/","url":"https:\/\/beta-rino.net\/wp-content\/uploads\/2025\/03\/logo-main.svg","contentUrl":"https:\/\/beta-rino.net\/wp-content\/uploads\/2025\/03\/logo-main.svg","width":101,"height":27,"caption":"Ninecasino"},"image":{"@id":"https:\/\/beta-rino.net\/es\/#\/schema\/logo\/image\/"}}]}},"_links":{"self":[{"href":"https:\/\/beta-rino.net\/es\/wp-json\/wp\/v2\/pages\/886","targetHints":{"allow":["GET"]}}],"collection":[{"href":"https:\/\/beta-rino.net\/es\/wp-json\/wp\/v2\/pages"}],"about":[{"href":"https:\/\/beta-rino.net\/es\/wp-json\/wp\/v2\/types\/page"}],"author":[{"embeddable":true,"href":"https:\/\/beta-rino.net\/es\/wp-json\/wp\/v2\/users\/1"}],"replies":[{"embeddable":true,"href":"https:\/\/beta-rino.net\/es\/wp-json\/wp\/v2\/comments?post=886"}],"version-history":[{"count":8,"href":"https:\/\/beta-rino.net\/es\/wp-json\/wp\/v2\/pages\/886\/revisions"}],"predecessor-version":[{"id":979,"href":"https:\/\/beta-rino.net\/es\/wp-json\/wp\/v2\/pages\/886\/revisions\/979"}],"wp:attachment":[{"href":"https:\/\/beta-rino.net\/es\/wp-json\/wp\/v2\/media?parent=886"}],"curies":[{"name":"wp","href":"https:\/\/api.w.org\/{rel}","templated":true}]}}