{"id":939,"date":"2024-10-27T13:48:15","date_gmt":"2024-10-27T13:48:15","guid":{"rendered":"https:\/\/ninecasinoplay.com\/app\/"},"modified":"2025-01-10T11:06:10","modified_gmt":"2025-01-10T11:06:10","slug":"app","status":"publish","type":"page","link":"https:\/\/beta-rino.net\/de\/app\/","title":{"rendered":"App"},"content":{"rendered":"<h1>Nine Casino Anwendung (APK Android, iOS, Mac und PC)<\/h1>\n<p>Freizeit- und Profispieler k\u00f6nnen jetzt die Nine Casino Anwendung genie\u00dfen. Wenn Sie ein Spiele-Enthusiast sind, der ein echtes Casino-Erlebnis auf Ihrem Smartphone erleben m\u00f6chte, dann ist das jetzt m\u00f6glich.<\/p>\n<p>Diese App ist wirklich revolution\u00e4r. Nutzer in vielen Regionen k\u00f6nnen jetzt ein immersives Erlebnis genie\u00dfen, das alle Nervenkitzel eines Casino-Besuchs bietet. Die Spielauswahl ist au\u00dfergew\u00f6hnlich, und eine virtuelle Welt voller Unterhaltung erwartet Sie.<\/p>\n<p>Sobald Sie den einfachen Nine Casino App Download abgeschlossen haben, k\u00f6nnen Sie an Orten wie diesen spielen:<\/p>\n<ul>\n<li>Zu Hause<\/li>\n<li>Im Waschsalon<\/li>\n<li>In einem Caf\u00e9<\/li>\n<li>In \u00f6ffentlichen Verkehrsmitteln<\/li>\n<li>Beim Warten auf Ihre Bestellung im Restaurant<\/li>\n<li>Beim Arzt im Wartezimmer<\/li>\n<li>\u00dcberall, wo Sie m\u00f6chten<\/li>\n<\/ul>\n<p>Die Welt des Online-Gamings \u00f6ffnet sich f\u00fcr Sie wie nie zuvor. Wir haben diese Anwendung mit dem modernen Nutzer im Blick entwickelt. Vom Seitenmen\u00fc \u00fcber die Farben bis hin zu den Sounds \u2013 alles wurde entworfen, um ein optimales Casino-Erlebnis mit \u00e4sthetischem Design, Sicherheitsfunktionen und spannendem Gameplay zu schaffen.<\/p>\n<p>Egal, welches Spiel Sie bevorzugen, die Nine Casino Mobile-Plattform bietet es!<\/p>\n<div class=\"banner-wrap\" aria-label=\"Banner\"><img src=\"https:\/\/beta-rino.net\/wp-content\/uploads\/2024\/10\/header-bg.png\" class=\"w-100 d-none d-lg-block img-pc main-banner-img\" alt=\"Nine casino online\" fetchpriority=\"high\" decoding=\"async\"><img src=\"https:\/\/beta-rino.net\/wp-content\/uploads\/2024\/10\/header-bg-mobile_2x.png\" class=\"w-100 d-none d-md-block d-lg-none main-banner-img\" alt=\"Nine casino online\" fetchpriority=\"high\" decoding=\"async\"><img src=\"https:\/\/beta-rino.net\/wp-content\/uploads\/2024\/10\/header-bg-mobile_2x.png\" class=\"w-100 d-md-none\" alt=\"Nine casino online\" fetchpriority=\"high\" decoding=\"async\"><div class=\"banner-description\">\n<div class=\"banner-title\">Willkommensboni<\/div>\n<p class=\"banner-header-title\"> \u20ac450<\/p>\n<div class=\"banner-header-AdditionalText\">+250 Freispiele<\/div>\n<p>&nbsp;<\/p>\n<div class=\"m-button-content\">Melden Sie sich jetzt an<\/div>\n<p>&nbsp;<\/p>\n<\/div>\n<div class=\"WelcomePack\">\n<p><img decoding=\"async\" src=\"https:\/\/cdn.aramuz.net\/front\/components\/home\/welcome-crown.svg\" alt=\"\" \/><\/p>\n<div class=\"WelcomePack-Info\">W\u00f6chentliches Cashback bis zu 25 %<\/div>\n<p><img decoding=\"async\" src=\"https:\/\/cdn.aramuz.net\/front\/components\/home\/welcome-crown.svg\" alt=\"\" \/><\/p>\n<\/div>\n<\/div>\n<h2>Hauptfunktionen<\/h2>\n<p>Es gibt mehrere wichtige Funktionen, die Nine Casino von der Konkurrenz abheben:<\/p>\n<ul>\n<li>Eine intuitive Plattform, die Ihnen erlaubt, ganz einfach durch die Spiele zu navigieren und Ihre Favoriten auszuw\u00e4hlen.<\/li>\n<li>Exklusive Bonusangebote, die nur f\u00fcr App-Nutzer in bestimmten Regionen verf\u00fcgbar sind.<\/li>\n<li>T\u00e4gliche Turniere, bei denen Sie fantastische Geldpreise gewinnen k\u00f6nnen.<\/li>\n<li>Hochentwickelte Verschl\u00fcsselungssysteme, die Ihre pers\u00f6nlichen Daten sicher sch\u00fctzen.<\/li>\n<li>Schnelle und einfache Ein- und Auszahlungen mit einer Vielzahl von Zahlungsmethoden.<\/li>\n<li>Zusammenarbeit mit f\u00fchrenden Spieleentwicklern wie Play\u2019n Go, MicroGaming und NetEnt.<\/li>\n<li>St\u00e4ndig neue Spiele, die regelm\u00e4\u00dfig hinzugef\u00fcgt werden.<\/li>\n<\/ul>\n<p>Das mobile Erlebnis von Nine Casino ver\u00e4ndert die Welt des Online-Gamings. Entdecken Sie, wie praktisch, spannend und unterhaltsam das Eintauchen in die glamour\u00f6se Welt des Casinospiels sein kann!<\/p>\n<p><div style=\"clear: both\"><\/div><div class=\"d-flex justify-content-center\"><button data-item=\"seo-link\" data-group=\"website_links\" class=\"goto fw-bold rounded-pill btn btn-orange\" aria-label=\"Nine Casino App herunterladen\" >Nine Casino App herunterladen<\/button><\/div><br \/>\n<div class=\"scrollable-content-wrap \"><div class=\"scrollable-content-inner\"><h2>\u27a1\ufe0f Wie lade ich die Nine Casino APK (Android) herunter?<\/h2>\n<p>Das Herunterladen der APK-Datei f\u00fcr die Nine Casino Anwendung ist einfach:<\/p>\n<ol>\n<li>Besuchen Sie die NineCasino-Website.<\/li>\n<li>Navigieren Sie mit Ihrem Android-Ger\u00e4t zur offiziellen Download-Seite.<\/li>\n<li>Klicken Sie auf die Schaltfl\u00e4che \u201eNine Casino APK App herunterladen\u201c.<\/li>\n<li>Erlauben Sie \u201eInstallationen aus unbekannten Quellen\u201c in den Sicherheitseinstellungen Ihres Ger\u00e4ts.<\/li>\n<li>Folgen Sie den Anweisungen zur Installation der App.<\/li>\n<\/ol>\n<p>Innerhalb weniger Minuten k\u00f6nnen Sie die App verwenden und die Welt von Nine Casino \u00fcberall genie\u00dfen!<\/p>\n<\/div><\/div><br \/>\n<div style=\"clear: both\"><\/div><div class=\"d-flex justify-content-center\"><button data-item=\"seo-link\" data-group=\"website_links\" class=\"goto fw-bold rounded-pill btn btn-orange\" aria-label=\"Nine Casino APK herunterladen\" >Nine Casino APK herunterladen<\/button><\/div><br \/>\n<div class=\"scrollable-content-wrap \"><div class=\"scrollable-content-inner\"><h2>\u27a1\ufe0f <b>Wie lade ich die Nine Casino App f\u00fcr iOS herunter?<\/b><\/h2>\n<p>Besitzer eines iPhones oder iPads k\u00f6nnen die App direkt aus dem App Store laden:<\/p>\n<ol>\n<li>\u00d6ffnen Sie den App Store.<\/li>\n<li>Suchen Sie nach \u201eNine Casino\u201c.<\/li>\n<li>Tippen Sie auf \u201eLaden\u201c, um den Download zu starten.<\/li>\n<li>Starten Sie die App und verbinden Sie sich mit Ihrem Konto oder erstellen Sie ein neues Profil.<\/li>\n<\/ol>\n<p>Die intuitive Benutzeroberfl\u00e4che erm\u00f6glicht es Ihnen, die vielen Funktionen der Plattform schnell zu finden und zu nutzen. Nehmen Sie Ihr iOS-Ger\u00e4t \u00fcberallhin mit und genie\u00dfen Sie viele Bonusangebote und Spiele, mit regelm\u00e4\u00dfigen neuen Ver\u00f6ffentlichungen.<\/p>\n<\/div><\/div><br \/>\n<div style=\"clear: both\"><\/div><div class=\"d-flex justify-content-center\"><button data-item=\"seo-link\" data-group=\"website_links\" class=\"goto fw-bold rounded-pill btn btn-orange\" aria-label=\"Nine Casino App f\u00fcr iOS herunterladen\" >Nine Casino App f\u00fcr iOS herunterladen<\/button><\/div><br \/>\n<div class=\"scrollable-content-wrap \"><div class=\"scrollable-content-inner\"><h2>\u27a1\ufe0f <b>Gibt es eine Nine Casino Anwendung f\u00fcr Windows\/Mac OS?<\/b><\/h2>\n<p>Ja, es gibt eine optimierte Version unserer Website, die eine benutzerfreundliche Navigation direkt \u00fcber Ihren bevorzugten Browser erm\u00f6glicht.<\/p>\n<p>Wenn Sie exklusive und personalisierte Erlebnisse lieben, werden Sie unsere Desktop-Anwendung genie\u00dfen. Probieren Sie viele Spiele aus und nutzen Sie exklusive Funktionen direkt von Ihrem Mac oder Windows-Ger\u00e4t!<\/p>\n<\/div><\/div><br \/>\n<div style=\"clear: both\"><\/div><div class=\"d-flex justify-content-center\"><button data-item=\"seo-link\" data-group=\"website_links\" class=\"goto fw-bold rounded-pill btn btn-orange\" aria-label=\"Nine Casino App f\u00fcr PC herunterladen\" >Nine Casino App f\u00fcr PC herunterladen<\/button><\/div><br \/>\n<div class=\"collapsed-wrap\"><div class=\"accordion\" id=\"accordion8\"><div class=\"accordion-item\"><button class=\"accordion-button collapsed\" type=\"button\" data-bs-toggle=\"collapse\" data-bs-target=\"#collapse80\" aria-expanded=\"false\" aria-controls=\"collapse80\">\n\t\t\t\t\t\t\t\t\t\t\tWie viele Spiele gibt es in der NineCasino-Anwendung?\n\t\t\t\t\t\t\t\t\t\t  <\/button><div id=\"collapse80\" class=\"accordion-collapse collapse\" data-bs-parent=\"#accordion8\"><div class=\"accordion-body\">\n\t\t\t\t\t\t\t\t\t\t\t In der Nine Casino App stehen \u00fcber 5.000 Spiele zur Verf\u00fcgung. Dazu geh\u00f6ren Hunderte von Slots mit beliebten Themen, die Sie sicherlich wiedererkennen werden. Falls Slots nicht Ihre bevorzugte Spielweise sind, k\u00f6nnen Sie auch Blackjack, Video Poker, Roulette, Baccarat, Keno und vieles mehr ausprobieren. Es werden st\u00e4ndig neue Spiele hinzugef\u00fcgt, also schauen Sie regelm\u00e4\u00dfig in der App vorbei, um spannende Neuheiten zu entdecken!\n\t\t\t\t\t\t\t\t\t\t  <\/div><\/div><\/div><div class=\"accordion-item\"><button class=\"accordion-button collapsed\" type=\"button\" data-bs-toggle=\"collapse\" data-bs-target=\"#collapse81\" aria-expanded=\"false\" aria-controls=\"collapse81\">\n\t\t\t\t\t\t\t\t\t\t\tGibt es zu unterschiedlichen Zeiten verschiedene Boni?\n\t\t\t\t\t\t\t\t\t\t  <\/button><div id=\"collapse81\" class=\"accordion-collapse collapse\" data-bs-parent=\"#accordion8\"><div class=\"accordion-body\">\n\t\t\t\t\t\t\t\t\t\t\t Ja, es gibt immer wieder unterschiedliche Boni. Wenn Sie sich registrieren, k\u00f6nnen Sie einen der aktuell verf\u00fcgbaren Boni nutzen. In ein paar Wochen k\u00f6nnten jedoch v\u00f6llig neue Boni verf\u00fcgbar sein. Die Administratoren der Website entwickeln st\u00e4ndig spannende neue Aktionen, um unsere Spieler zu begeistern. Um zu erfahren, welche Boni als n\u00e4chstes verf\u00fcgbar sind, sollten Sie regelm\u00e4\u00dfig in der App nachsehen.\n\t\t\t\t\t\t\t\t\t\t  <\/div><\/div><\/div><div class=\"accordion-item\"><button class=\"accordion-button collapsed\" type=\"button\" data-bs-toggle=\"collapse\" data-bs-target=\"#collapse82\" aria-expanded=\"false\" aria-controls=\"collapse82\">\n\t\t\t\t\t\t\t\t\t\t\tWas soll ich tun, wenn ich die Fehlermeldung \u201eSpieler bereits verbunden\u201c erhalte?\n\t\t\t\t\t\t\t\t\t\t  <\/button><div id=\"collapse82\" class=\"accordion-collapse collapse\" data-bs-parent=\"#accordion8\"><div class=\"accordion-body\">\n\t\t\t\t\t\t\t\t\t\t\t Diese Nachricht kann gelegentlich erscheinen. Wenn Sie diese sehen, w\u00e4hrend Sie versuchen, sich in die heruntergeladene Version der App einzuloggen, haben Sie sich m\u00f6glicherweise nicht richtig aus der Instant-Version ausgeloggt. Kehren Sie zur Instant-Version zur\u00fcck und klicken Sie dort auf \u201eAusloggen\u201c. Das sollte das Problem l\u00f6sen. Sollte das Problem weiterhin bestehen, steht Ihnen unser Support-Team zur Verf\u00fcgung, um alternative L\u00f6sungen vorzuschlagen.\r\n\n\t\t\t\t\t\t\t\t\t\t  <\/div><\/div><\/div><div class=\"accordion-item\"><button class=\"accordion-button collapsed\" type=\"button\" data-bs-toggle=\"collapse\" data-bs-target=\"#collapse83\" aria-expanded=\"false\" aria-controls=\"collapse83\">\n\t\t\t\t\t\t\t\t\t\t\tWas kann ich tun, wenn eines der Spiele, die ich spiele, h\u00e4ngen bleibt?\n\t\t\t\t\t\t\t\t\t\t  <\/button><div id=\"collapse83\" class=\"accordion-collapse collapse\" data-bs-parent=\"#accordion8\"><div class=\"accordion-body\">\n\t\t\t\t\t\t\t\t\t\t\t Obwohl die App so reibungslos wie m\u00f6glich entwickelt wurde, besteht immer die geringe M\u00f6glichkeit, dass ein Fehler auftritt. In diesem Fall k\u00f6nnen Sie Ihr Handy ausschalten und neu starten. Sollte das nicht helfen, k\u00f6nnen Sie die Anwendung l\u00f6schen, indem Sie lange darauf dr\u00fccken, bis das Men\u00fc erscheint. Dort sollte es die Option \u201eApp l\u00f6schen\u201c geben. Nach dem L\u00f6schen k\u00f6nnen Sie die App erneut aus dem App Store oder Google Play Store (bei Android-Ger\u00e4ten) herunterladen. In den meisten F\u00e4llen sollte dies das Problem beheben und Ihnen das reibungslose Spielerlebnis zur\u00fcckbringen.\n\t\t\t\t\t\t\t\t\t\t  <\/div><\/div><\/div><div class=\"accordion-item\"><button class=\"accordion-button collapsed\" type=\"button\" data-bs-toggle=\"collapse\" data-bs-target=\"#collapse84\" aria-expanded=\"false\" aria-controls=\"collapse84\">\n\t\t\t\t\t\t\t\t\t\t\tWas kann ich tun, wenn ich mein Passwort vergessen habe?\n\t\t\t\t\t\t\t\t\t\t  <\/button><div id=\"collapse84\" class=\"accordion-collapse collapse\" data-bs-parent=\"#accordion8\"><div class=\"accordion-body\">\n\t\t\t\t\t\t\t\t\t\t\t Wenn Sie sich nicht mehr an Ihr Passwort erinnern k\u00f6nnen, klicken Sie auf die Option \u201ePasswort vergessen?\u201c, die sich direkt unter dem Eingabefeld f\u00fcr das Passwort befindet. Sie werden aufgefordert, eine geheime Frage zu beantworten, die Sie bei der Registrierung festgelegt haben. Sobald Sie dies getan haben, k\u00f6nnen Sie das Passwort zur\u00fccksetzen, und Sie erhalten au\u00dferdem eine E-Mail mit der Best\u00e4tigung des neuen Passworts. Beachten Sie, dass Nine Casino aus Sicherheitsgr\u00fcnden keine Aufzeichnungen \u00fcber Ihr Passwort speichert.\n\t\t\t\t\t\t\t\t\t\t  <\/div><\/div><\/div><\/div><\/div><\/p>\n","protected":false},"excerpt":{"rendered":"<p>Nine Casino Anwendung (APK Android, iOS, Mac und PC) Freizeit- und Profispieler k\u00f6nnen jetzt die Nine Casino Anwendung genie\u00dfen. Wenn Sie ein Spiele-Enthusiast sind, der ein echtes Casino-Erlebnis auf Ihrem Smartphone erleben m\u00f6chte, dann ist das jetzt m\u00f6glich. Diese App ist wirklich revolution\u00e4r. Nutzer in vielen Regionen k\u00f6nnen jetzt ein immersives Erlebnis genie\u00dfen, das alle [&hellip;]<\/p>\n","protected":false},"author":1,"featured_media":0,"parent":0,"menu_order":0,"comment_status":"closed","ping_status":"closed","template":"template-builder.php","meta":{"_acf_changed":false,"inline_featured_image":false,"footnotes":""},"class_list":["post-939","page","type-page","status-publish","hentry"],"acf":[],"yoast_head":"<!-- This site is optimized with the Yoast SEO plugin v27.3 - https:\/\/yoast.com\/product\/yoast-seo-wordpress\/ -->\n<title>Nine Casino App Download\u2b50\ufe0fAndroid, iOS, Windows &amp; Mac<\/title>\n<meta name=\"description\" content=\"Laden Sie die Nine Casino App f\u00fcr Android, iOS, Windows oder Mac herunter. Erleben Sie reibungsloses Gaming, exklusive Boni und ein aufregendes Casinoerlebnis!access it on Windows or Mac \u2705\" \/>\n<meta name=\"robots\" content=\"noindex, follow, max-snippet:-1, max-image-preview:large, max-video-preview:-1\" \/>\n<meta property=\"og:locale\" content=\"de_DE\" \/>\n<meta property=\"og:type\" content=\"article\" \/>\n<meta property=\"og:title\" content=\"Nine Casino App Download\u2b50\ufe0fAndroid, iOS, Windows &amp; Mac\" \/>\n<meta property=\"og:description\" content=\"Laden Sie die Nine Casino App f\u00fcr Android, iOS, Windows oder Mac herunter. Erleben Sie reibungsloses Gaming, exklusive Boni und ein aufregendes Casinoerlebnis!access it on Windows or Mac \u2705\" \/>\n<meta property=\"og:url\" content=\"https:\/\/beta-rino.net\/de\/app\/\" \/>\n<meta property=\"og:site_name\" content=\"rockyspin\" \/>\n<meta property=\"article:modified_time\" content=\"2025-01-10T11:06:10+00:00\" \/>\n<meta name=\"twitter:card\" content=\"summary_large_image\" \/>\n<meta name=\"twitter:label1\" content=\"Gesch\u00e4tzte Lesezeit\" \/>\n\t<meta name=\"twitter:data1\" content=\"2\u00a0Minuten\" \/>\n<script type=\"application\/ld+json\" class=\"yoast-schema-graph\">{\"@context\":\"https:\\\/\\\/schema.org\",\"@graph\":[{\"@type\":\"WebPage\",\"@id\":\"https:\\\/\\\/beta-rino.net\\\/de\\\/app\\\/\",\"url\":\"https:\\\/\\\/beta-rino.net\\\/de\\\/app\\\/\",\"name\":\"Nine Casino App Download\u2b50\ufe0fAndroid, iOS, Windows & Mac\",\"isPartOf\":{\"@id\":\"https:\\\/\\\/beta-rino.net\\\/de\\\/#website\"},\"datePublished\":\"2024-10-27T13:48:15+00:00\",\"dateModified\":\"2025-01-10T11:06:10+00:00\",\"description\":\"Laden Sie die Nine Casino App f\u00fcr Android, iOS, Windows oder Mac herunter. Erleben Sie reibungsloses Gaming, exklusive Boni und ein aufregendes Casinoerlebnis!access it on Windows or Mac \u2705\",\"breadcrumb\":{\"@id\":\"https:\\\/\\\/beta-rino.net\\\/de\\\/app\\\/#breadcrumb\"},\"inLanguage\":\"de\",\"potentialAction\":[{\"@type\":\"ReadAction\",\"target\":[\"https:\\\/\\\/beta-rino.net\\\/de\\\/app\\\/\"]}]},{\"@type\":\"BreadcrumbList\",\"@id\":\"https:\\\/\\\/beta-rino.net\\\/de\\\/app\\\/#breadcrumb\",\"itemListElement\":[{\"@type\":\"ListItem\",\"position\":1,\"name\":\"Ninecasino\",\"item\":\"https:\\\/\\\/beta-rino.net\\\/de\\\/\"},{\"@type\":\"ListItem\",\"position\":2,\"name\":\"App\"}]},{\"@type\":\"WebSite\",\"@id\":\"https:\\\/\\\/beta-rino.net\\\/de\\\/#website\",\"url\":\"https:\\\/\\\/beta-rino.net\\\/de\\\/\",\"name\":\"Ninecasino\",\"description\":\"\",\"publisher\":{\"@id\":\"https:\\\/\\\/beta-rino.net\\\/de\\\/#organization\"},\"potentialAction\":[{\"@type\":\"SearchAction\",\"target\":{\"@type\":\"EntryPoint\",\"urlTemplate\":\"https:\\\/\\\/beta-rino.net\\\/de\\\/?s={search_term_string}\"},\"query-input\":{\"@type\":\"PropertyValueSpecification\",\"valueRequired\":true,\"valueName\":\"search_term_string\"}}],\"inLanguage\":\"de\"},{\"@type\":\"Organization\",\"@id\":\"https:\\\/\\\/beta-rino.net\\\/de\\\/#organization\",\"name\":\"Ninecasino\",\"url\":\"https:\\\/\\\/beta-rino.net\\\/de\\\/\",\"logo\":{\"@type\":\"ImageObject\",\"inLanguage\":\"de\",\"@id\":\"https:\\\/\\\/beta-rino.net\\\/de\\\/#\\\/schema\\\/logo\\\/image\\\/\",\"url\":\"https:\\\/\\\/beta-rino.net\\\/wp-content\\\/uploads\\\/2025\\\/03\\\/logo-main.svg\",\"contentUrl\":\"https:\\\/\\\/beta-rino.net\\\/wp-content\\\/uploads\\\/2025\\\/03\\\/logo-main.svg\",\"width\":101,\"height\":27,\"caption\":\"Ninecasino\"},\"image\":{\"@id\":\"https:\\\/\\\/beta-rino.net\\\/de\\\/#\\\/schema\\\/logo\\\/image\\\/\"}}]}<\/script>\n<!-- \/ Yoast SEO plugin. -->","yoast_head_json":{"title":"Nine Casino App Download\u2b50\ufe0fAndroid, iOS, Windows & Mac","description":"Laden Sie die Nine Casino App f\u00fcr Android, iOS, Windows oder Mac herunter. Erleben Sie reibungsloses Gaming, exklusive Boni und ein aufregendes Casinoerlebnis!access it on Windows or Mac \u2705","robots":{"index":"noindex","follow":"follow","max-snippet":"max-snippet:-1","max-image-preview":"max-image-preview:large","max-video-preview":"max-video-preview:-1"},"og_locale":"de_DE","og_type":"article","og_title":"Nine Casino App Download\u2b50\ufe0fAndroid, iOS, Windows & Mac","og_description":"Laden Sie die Nine Casino App f\u00fcr Android, iOS, Windows oder Mac herunter. Erleben Sie reibungsloses Gaming, exklusive Boni und ein aufregendes Casinoerlebnis!access it on Windows or Mac \u2705","og_url":"https:\/\/beta-rino.net\/de\/app\/","og_site_name":"rockyspin","article_modified_time":"2025-01-10T11:06:10+00:00","twitter_card":"summary_large_image","twitter_misc":{"Gesch\u00e4tzte Lesezeit":"2\u00a0Minuten"},"schema":{"@context":"https:\/\/schema.org","@graph":[{"@type":"WebPage","@id":"https:\/\/beta-rino.net\/de\/app\/","url":"https:\/\/beta-rino.net\/de\/app\/","name":"Nine Casino App Download\u2b50\ufe0fAndroid, iOS, Windows & Mac","isPartOf":{"@id":"https:\/\/beta-rino.net\/de\/#website"},"datePublished":"2024-10-27T13:48:15+00:00","dateModified":"2025-01-10T11:06:10+00:00","description":"Laden Sie die Nine Casino App f\u00fcr Android, iOS, Windows oder Mac herunter. Erleben Sie reibungsloses Gaming, exklusive Boni und ein aufregendes Casinoerlebnis!access it on Windows or Mac \u2705","breadcrumb":{"@id":"https:\/\/beta-rino.net\/de\/app\/#breadcrumb"},"inLanguage":"de","potentialAction":[{"@type":"ReadAction","target":["https:\/\/beta-rino.net\/de\/app\/"]}]},{"@type":"BreadcrumbList","@id":"https:\/\/beta-rino.net\/de\/app\/#breadcrumb","itemListElement":[{"@type":"ListItem","position":1,"name":"Ninecasino","item":"https:\/\/beta-rino.net\/de\/"},{"@type":"ListItem","position":2,"name":"App"}]},{"@type":"WebSite","@id":"https:\/\/beta-rino.net\/de\/#website","url":"https:\/\/beta-rino.net\/de\/","name":"Ninecasino","description":"","publisher":{"@id":"https:\/\/beta-rino.net\/de\/#organization"},"potentialAction":[{"@type":"SearchAction","target":{"@type":"EntryPoint","urlTemplate":"https:\/\/beta-rino.net\/de\/?s={search_term_string}"},"query-input":{"@type":"PropertyValueSpecification","valueRequired":true,"valueName":"search_term_string"}}],"inLanguage":"de"},{"@type":"Organization","@id":"https:\/\/beta-rino.net\/de\/#organization","name":"Ninecasino","url":"https:\/\/beta-rino.net\/de\/","logo":{"@type":"ImageObject","inLanguage":"de","@id":"https:\/\/beta-rino.net\/de\/#\/schema\/logo\/image\/","url":"https:\/\/beta-rino.net\/wp-content\/uploads\/2025\/03\/logo-main.svg","contentUrl":"https:\/\/beta-rino.net\/wp-content\/uploads\/2025\/03\/logo-main.svg","width":101,"height":27,"caption":"Ninecasino"},"image":{"@id":"https:\/\/beta-rino.net\/de\/#\/schema\/logo\/image\/"}}]}},"_links":{"self":[{"href":"https:\/\/beta-rino.net\/de\/wp-json\/wp\/v2\/pages\/939","targetHints":{"allow":["GET"]}}],"collection":[{"href":"https:\/\/beta-rino.net\/de\/wp-json\/wp\/v2\/pages"}],"about":[{"href":"https:\/\/beta-rino.net\/de\/wp-json\/wp\/v2\/types\/page"}],"author":[{"embeddable":true,"href":"https:\/\/beta-rino.net\/de\/wp-json\/wp\/v2\/users\/1"}],"replies":[{"embeddable":true,"href":"https:\/\/beta-rino.net\/de\/wp-json\/wp\/v2\/comments?post=939"}],"version-history":[{"count":7,"href":"https:\/\/beta-rino.net\/de\/wp-json\/wp\/v2\/pages\/939\/revisions"}],"predecessor-version":[{"id":971,"href":"https:\/\/beta-rino.net\/de\/wp-json\/wp\/v2\/pages\/939\/revisions\/971"}],"wp:attachment":[{"href":"https:\/\/beta-rino.net\/de\/wp-json\/wp\/v2\/media?parent=939"}],"curies":[{"name":"wp","href":"https:\/\/api.w.org\/{rel}","templated":true}]}}